{"id":982,"date":"2022-05-06T19:33:33","date_gmt":"2022-05-06T17:33:33","guid":{"rendered":"https:\/\/dotknisevesmiru.cz\/?page_id=982"},"modified":"2023-01-08T22:45:11","modified_gmt":"2023-01-08T21:45:11","slug":"tymy-2022","status":"publish","type":"page","link":"https:\/\/dotknisevesmiru.cz\/index.php\/tymy-2022\/","title":{"rendered":"2022"},"content":{"rendered":"\n<figure class=\"wp-block-table is-style-stripes\"><table><thead><tr><th>N\u00e1zev \u0161koly<\/th><th>N\u00e1zev t\u00fdmu<\/th><th>N\u00e1zev sondy<\/th><th class=\"has-text-align-center\" data-align=\"center\">Volac\u00ed znak sondy<\/th><th>Soci\u00e1ln\u00ed s\u00edt\u011b<\/th><th>Start<\/th><\/tr><\/thead><tbody><tr><td>Z\u00e1kladn\u00ed \u0161kola Franti\u0161ka Horensk\u00e9ho<\/td><td>Horensk\u00e9ho Hv\u011bzdoplavci<\/td><td>Franta XIV.<\/td><td class=\"has-text-align-center\" data-align=\"center\">TTS1<\/td><td><\/td><td>13. 10.<br>odpoledne<\/td><\/tr><tr><td>Z\u00e1kladn\u00ed \u0161kola Sta\u0148kov<\/td><td>Stratodream<\/td><td>HERBERT<\/td><td class=\"has-text-align-center\" data-align=\"center\">TTS2<\/td><td><\/td><td>7. 10.<br>odpoledne<\/td><\/tr><tr><td>St\u0159edn\u00ed pr\u016fmyslov\u00e1 \u0161kola Edvarda Bene\u0161e a obchodn\u00ed akademie B\u0159eclav<\/td><td>HighVoltage<\/td><td>SPSBVSAT<\/td><td class=\"has-text-align-center\" data-align=\"center\">TTS3<\/td><td><\/td><td>11. 10.<br>odpoledne<\/td><\/tr><tr><td>Z\u00e1kladn\u00ed \u0161kola T.G.Masaryka Kutn\u00e1 Hora<\/td><td>TGM SPACE<\/td><td>TGM SPACE<\/td><td class=\"has-text-align-center\" data-align=\"center\">TTS4<\/td><td><\/td><td>13. 10.<br>r\u00e1no<\/td><\/tr><tr><td>Gymn\u00e1zium Kada\u0148<\/td><td>Gymka<\/td><td>Gymka<\/td><td class=\"has-text-align-center\" data-align=\"center\">TTS5<\/td><td><\/td><td>5. 10.<br>odpoledne<\/td><\/tr><tr><td>Gymn\u00e1zium B. Hrabala v Nymburce<\/td><td>GBHVNBK<\/td><td>Stratob<\/td><td class=\"has-text-align-center\" data-align=\"center\">TTS6<\/td><td><\/td><td>10. 10.<br>r\u00e1no<\/td><\/tr><tr><td>Z\u00e1kladn\u00ed \u0161kola Zeyerova Olomouc<\/td><td>Vesm\u00edrn\u00ed Zeyer\u00e1ci<\/td><td>Zeyerie<\/td><td class=\"has-text-align-center\" data-align=\"center\">TTS7<\/td><td><a href=\"https:\/\/www.facebook.com\/Vesm%C3%ADrn%C3%AD-Zeyer%C3%A1ci-107858892063209\" target=\"_blank\" rel=\"noreferrer noopener\">Facebook<\/a><\/td><td>12. 10.<br>odpoledne<\/td><\/tr><tr><td>Z\u00e1kladn\u00ed \u0161kola \u010cel\u00e1kovice<\/td><td>SPACESHIP KAMENKA<\/td><td>Kamenka<\/td><td class=\"has-text-align-center\" data-align=\"center\">TTS8<\/td><td><\/td><td>7. 10.<br>r\u00e1no<\/td><\/tr><tr><td>Z\u00e1kladn\u00ed \u0161kola \u0158evnice<\/td><td>Techtec \u0158evnice<\/td><td>Czechia22<\/td><td class=\"has-text-align-center\" data-align=\"center\">TTS9<\/td><td><\/td><td>14. 10.<br>r\u00e1no<\/td><\/tr><tr><td>Gymn\u00e1zium Karvin\u00e1<\/td><td>BaGymka<\/td><td>BaGymka<\/td><td class=\"has-text-align-center\" data-align=\"center\">TTS10<\/td><td><\/td><td>14. 10.<br>odpoledne<\/td><\/tr><tr><td>Z\u00e1kladn\u00ed \u0161kola Karla \u010capka<\/td><td>R.U.R.<\/td><td>Krakatit<\/td><td class=\"has-text-align-center\" data-align=\"center\">TTS11<\/td><td><\/td><td>5. 10.<br>r\u00e1no<\/td><\/tr><tr><td>Z\u00e1kladn\u00ed \u0161kola T\u0159ebechovice pod Orebem<\/td><td>Vesm\u00edr zbl\u00edzka<\/td><td>Vesm\u00edrn\u00fd kor\u00e1b<\/td><td class=\"has-text-align-center\" data-align=\"center\">TTS12<\/td><td><\/td><td>10. 10.<br>odpoledne<\/td><\/tr><tr><td>Z\u00e1kladn\u00ed \u0161kola Edisona<\/td><td>EdiSpace22<\/td><td>Magion<\/td><td class=\"has-text-align-center\" data-align=\"center\">TTS13<\/td><td><\/td><td>3. 10.<br>r\u00e1no<\/td><\/tr><tr><td>1. Z\u00e1kladn\u00ed \u0161kola T. G. Masaryka Milevsko<\/td><td>MILSPACE<\/td><td>KRAKEN<\/td><td class=\"has-text-align-center\" data-align=\"center\">TTS14<\/td><td><\/td><td>3. 10.<br>odpoledne<\/td><\/tr><tr><td>Z\u00e1kladn\u00ed \u0161kola Hora\u017e\u010fovice<\/td><td>Hora\u017e\u010fovick\u00e9 perly<\/td><td>Otava<\/td><td class=\"has-text-align-center\" data-align=\"center\">TTS15<\/td><td><\/td><td>4. 10.<br>odpoledne<\/td><\/tr><tr><td>Gymn\u00e1zium Dr. Emila Holuba<\/td><td>GyholiX<\/td><td>HolubIX<\/td><td class=\"has-text-align-center\" data-align=\"center\">TTS16<\/td><td><\/td><td>6. 10.<br>odpoledne<\/td><\/tr><tr><td>Sunny Canadian International School<\/td><td>Conner a jeho kamar\u00e1di<\/td><td>Conner<\/td><td class=\"has-text-align-center\" data-align=\"center\">TTS17<\/td><td><\/td><td>4. 10.<br>r\u00e1no<\/td><\/tr><tr><td>Z\u00e1kladn\u00ed \u0161kola Dube\u010d<\/td><td>Dube\u010dsk\u00e1 raketa<\/td><td>Rumcajs<\/td><td class=\"has-text-align-center\" data-align=\"center\">TTS18<\/td><td><\/td><td>12. 10.<br>r\u00e1no<\/td><\/tr><tr><td>Masarykova z\u00e1kladn\u00ed \u0161kola a Mate\u0159sk\u00e1 \u0161kola Dymokury<\/td><td>Dymospace<\/td><td>Garyk<\/td><td class=\"has-text-align-center\" data-align=\"center\">TTS19<\/td><td><\/td><td>11. 10.<br>r\u00e1no<\/td><\/tr><tr><td>Z\u00e1kladn\u00ed \u0161kola Most<\/td><td>Osmn\u00e1ctka<\/td><td>UE18<\/td><td class=\"has-text-align-center\" data-align=\"center\">TTS20<\/td><td><\/td><td>6. 10.<br>r\u00e1no<\/td><\/tr><\/tbody><\/table><figcaption class=\"wp-element-caption\">Je zde n\u011bco \u0161patn\u011b? <a href=\"https:\/\/dotknisevesmiru.cz\/index.php\/kontakty\/\" data-type=\"URL\" data-id=\"https:\/\/dotknisevesmiru.cz\/index.php\/kontakty\/\">Kontaktujte n\u00e1s<\/a>!<\/figcaption><\/figure>\n","protected":false},"excerpt":{"rendered":"<p>N\u00e1zev \u0161koly N\u00e1zev t\u00fdmu N\u00e1zev sondy Volac\u00ed znak sondy Soci\u00e1ln\u00ed s\u00edt\u011b Start Z\u00e1kladn\u00ed \u0161kola Franti\u0161ka Horensk\u00e9ho Horensk\u00e9ho Hv\u011bzdoplavci Franta XIV. TTS1 13. 10.odpoledne Z\u00e1kladn\u00ed \u0161kola Sta\u0148kov Stratodream HERBERT TTS2 7. 10.odpoledne St\u0159edn\u00ed pr\u016fmyslov\u00e1 \u0161kola Edvarda Bene\u0161e a obchodn\u00ed akademie B\u0159eclav HighVoltage SPSBVSAT TTS3 11. 10.odpoledne Z\u00e1kladn\u00ed \u0161kola T.G.Masaryka Kutn\u00e1 Hora TGM SPACE TGM SPACE TTS4 [&hellip;]<\/p>\n","protected":false},"author":1,"featured_media":0,"parent":0,"menu_order":0,"comment_status":"closed","ping_status":"closed","template":"","meta":{"footnotes":""},"class_list":["post-982","page","type-page","status-publish","hentry"],"_links":{"self":[{"href":"https:\/\/dotknisevesmiru.cz\/index.php\/wp-json\/wp\/v2\/pages\/982","targetHints":{"allow":["GET"]}}],"collection":[{"href":"https:\/\/dotknisevesmiru.cz\/index.php\/wp-json\/wp\/v2\/pages"}],"about":[{"href":"https:\/\/dotknisevesmiru.cz\/index.php\/wp-json\/wp\/v2\/types\/page"}],"author":[{"embeddable":true,"href":"https:\/\/dotknisevesmiru.cz\/index.php\/wp-json\/wp\/v2\/users\/1"}],"replies":[{"embeddable":true,"href":"https:\/\/dotknisevesmiru.cz\/index.php\/wp-json\/wp\/v2\/comments?post=982"}],"version-history":[{"count":21,"href":"https:\/\/dotknisevesmiru.cz\/index.php\/wp-json\/wp\/v2\/pages\/982\/revisions"}],"predecessor-version":[{"id":1250,"href":"https:\/\/dotknisevesmiru.cz\/index.php\/wp-json\/wp\/v2\/pages\/982\/revisions\/1250"}],"wp:attachment":[{"href":"https:\/\/dotknisevesmiru.cz\/index.php\/wp-json\/wp\/v2\/media?parent=982"}],"curies":[{"name":"wp","href":"https:\/\/api.w.org\/{rel}","templated":true}]}}