{"id":799,"date":"2022-01-30T09:13:13","date_gmt":"2022-01-30T08:13:13","guid":{"rendered":"https:\/\/dotknisevesmiru.cz\/?page_id=799"},"modified":"2023-04-28T09:50:57","modified_gmt":"2023-04-28T07:50:57","slug":"rocnik-2021","status":"publish","type":"page","link":"https:\/\/dotknisevesmiru.cz\/index.php\/rocnik-2021\/","title":{"rendered":"Minul\u00e9 Ro\u010dn\u00edky"},"content":{"rendered":"<section  class=\"fw-main-row section      \"  >\n\t<div class=\"  container\">\n\t\t<div class=\"fw-row\">\n\t<div class=\"fw-col-xs-12\">\n\t<div style=\"-webkit-overflow-scrolling: touch; overflow: hidden;\"><iframe style=\"overflow: hidden; width: 100%; height: 600px; border: none;\" src=\"https:\/\/dotknisevesmiru.mapotic.com\/\"><\/iframe><\/div><\/div>\n<\/div>\n\n<div class=\"fw-row\">\n\t<div class=\"fw-col-xs-12\">\n\t\n<div class=\"centered\">\n\t<a href=\"https:\/\/dotknisevesmiru.cz\/index.php\/tymy-2021\/\" role=\"button\" target=\"_blank\" class=\"btn btn-primary\">\n\t\tSeznam z\u00fa\u010dastn\u011bn\u00fdch t\u00fdm\u016f 2021\t<\/a>\n<\/div><\/div>\n<\/div>\n\n<div class=\"fw-row\">\n\t<div class=\"fw-col-xs-12\">\n\t\n<div class=\"centered\">\n\t<a href=\"https:\/\/dotknisevesmiru.cz\/index.php\/tymy-2022\/\" role=\"button\" target=\"_blank\" class=\"btn btn-primary\">\n\t\tSeznam z\u00fa\u010dastn\u011bn\u00fdch t\u00fdm\u016f 2022\t<\/a>\n<\/div><\/div>\n<\/div>\n\n<div class=\"fw-row\">\n\t<div class=\"fw-col-xs-12\">\n\t<p>&nbsp;<\/p><p>&nbsp;<\/p><\/div>\n<\/div>\n\n\t<\/div>\n<\/section>\n","protected":false},"excerpt":{"rendered":"<p>Seznam z\u00fa\u010dastn\u011bn\u00fdch t\u00fdm\u016f 2021 Seznam z\u00fa\u010dastn\u011bn\u00fdch t\u00fdm\u016f 2022 &nbsp;&nbsp;<\/p>\n","protected":false},"author":2,"featured_media":0,"parent":0,"menu_order":0,"comment_status":"closed","ping_status":"closed","template":"","meta":{"footnotes":""},"class_list":["post-799","page","type-page","status-publish","hentry"],"_links":{"self":[{"href":"https:\/\/dotknisevesmiru.cz\/index.php\/wp-json\/wp\/v2\/pages\/799","targetHints":{"allow":["GET"]}}],"collection":[{"href":"https:\/\/dotknisevesmiru.cz\/index.php\/wp-json\/wp\/v2\/pages"}],"about":[{"href":"https:\/\/dotknisevesmiru.cz\/index.php\/wp-json\/wp\/v2\/types\/page"}],"author":[{"embeddable":true,"href":"https:\/\/dotknisevesmiru.cz\/index.php\/wp-json\/wp\/v2\/users\/2"}],"replies":[{"embeddable":true,"href":"https:\/\/dotknisevesmiru.cz\/index.php\/wp-json\/wp\/v2\/comments?post=799"}],"version-history":[{"count":5,"href":"https:\/\/dotknisevesmiru.cz\/index.php\/wp-json\/wp\/v2\/pages\/799\/revisions"}],"predecessor-version":[{"id":1238,"href":"https:\/\/dotknisevesmiru.cz\/index.php\/wp-json\/wp\/v2\/pages\/799\/revisions\/1238"}],"wp:attachment":[{"href":"https:\/\/dotknisevesmiru.cz\/index.php\/wp-json\/wp\/v2\/media?parent=799"}],"curies":[{"name":"wp","href":"https:\/\/api.w.org\/{rel}","templated":true}]}}