{"id":7,"date":"2020-10-30T15:45:43","date_gmt":"2020-10-30T14:45:43","guid":{"rendered":"https:\/\/dotknisevesmiru.cz\/?page_id=7"},"modified":"2026-03-14T20:34:18","modified_gmt":"2026-03-14T19:34:18","slug":"dotkni-se-vesmiru","status":"publish","type":"page","link":"https:\/\/dotknisevesmiru.cz\/","title":{"rendered":"Dotkni se vesm\u00edru"},"content":{"rendered":"<p><section  class=\"fw-main-row section    no-margin-top  \" style=\"background-color:#0f0f0f;\" >\n\t<div class=\" no-margin-top \">\n\t\t<div class=\"fw-row\">\n\t<div class=\"fw-col-xs-12\">\n\t\n<div class=\"small hero animate\" id=\"top\" style=\"background: url(\/\/dotknisevesmiru.cz\/wp-content\/uploads\/2022\/07\/hero-bg-scaled.jpg);\">\n\n\t\n<!-- Navigation -->\n<div class=\"navbar\" id=\"scroll_to\" role=\"navigation\">\n\t<div class=\"container\">\n\t\t<div class=\"row\">\n\t\t\t<div class=\"col-md-2 col-sm-3 col-xs-4\">\n\t\t\t\t\t\t\t<\/div>\n\t\t\t<div class=\"col-md-8 col-sm-6 col-xs-12\">\n\t\t\t\t<ul id=\"menu-hlavni-menu\" class=\"nav navbar-nav\"><li id=\"menu-item-120\" class=\"menu-item menu-item-type-post_type menu-item-object-page menu-item-home menu-item-120\"><a title=\"O Projektu\" href=\"https:\/\/dotknisevesmiru.cz\/\">O Projektu<\/a><\/li>\n<li id=\"menu-item-1284\" class=\"menu-item menu-item-type-post_type menu-item-object-page menu-item-1284\"><a title=\"T\u00fdmy 2026\" href=\"https:\/\/dotknisevesmiru.cz\/index.php\/tymy-2025\/\">T\u00fdmy 2026<\/a><\/li>\n<li id=\"menu-item-330\" class=\"menu-item menu-item-type-post_type menu-item-object-page menu-item-330\"><a title=\"V m\u00e9di\u00edch\" href=\"https:\/\/dotknisevesmiru.cz\/index.php\/napsali-o-nas\/\">V m\u00e9di\u00edch<\/a><\/li>\n<li id=\"menu-item-621\" class=\"menu-item menu-item-type-post_type menu-item-object-page menu-item-621\"><a title=\"Kontakt\" href=\"https:\/\/dotknisevesmiru.cz\/index.php\/kontakty\/\">Kontakt<\/a><\/li>\n<li id=\"menu-item-1326\" class=\"menu-item menu-item-type-custom menu-item-object-custom menu-item-1326\"><a title=\"P\u0159\u00edru\u010dka \u2197\" target=\"_blank\" href=\"https:\/\/docs.dotknisevesmiru.cz\/share\/0l4ci66o69\">P\u0159\u00edru\u010dka \u2197<\/a><\/li>\n<\/ul>\t\t\t<\/div>\n\t\t\t<div class=\"col-md-2 col-sm-3 col-xs-5 menu\">\n\t\t\t\t<a href=\"#\">Menu<\/a>\n\t\t\t\t<div id=\"nav_icon\">\n\t\t\t\t\t<span><\/span>\n\t\t\t\t\t<span><\/span>\n\t\t\t\t\t<span><\/span>\n\t\t\t\t\t<span><\/span>\n\t\t\t\t<\/div>\n\t\t\t<\/div>\n\t\t<\/div>\n\t<\/div>\n<\/div>\t<div class=\"container\">\n\t\t<div class=\"row\">\n\t\t\t<div class=\"col-md-10 col-md-push-1\">\n\t\t\t\t<div class=\"blurb-wrap\">\n\t\t\t\t\t<h1><br>UD\u011aLEJTE S N\u00c1MI PRVN\u00cd KROK DO&nbsp;VESM\u00cdRU<\/h1>\n\t\t\t\t\t<h2>Otev\u0159\u00edt s n\u00e1mi okno do vesm\u00edru je stejn\u011b t\u011b\u017ek\u00e9 jako otev\u0159\u00edt u\u010debnici...\n<br>\n<br>\n<br>\n<br>\n<br>\n<br>\n<br>\n<br>\n<br>\n<br>\n<br>\n<br>\n<br>\n<br>\n<p style=\"text-align: center\"><em>\u201eKdy\u017e n\u011bco opravdu chce\u0161, cel\u00fd vesm\u00edr se spoj\u00ed, abys to mohl uskute\u010dnit.\u201c<\/em><\/p><p style=\"text-align: right\"><em>Paulo Coelho<\/em><\/p><\/h2>\n\t\t\t\t<\/div>\n\t\t\t<\/div>\n\t\t<\/div>\n\t<\/div>\n\n<\/div><\/div>\n<\/div>\n\n\t<\/div>\n<\/section><section  class=\"fw-main-row section blue     \"  >\n\t<div class=\"  container\">\n\t\t<div class=\"fw-row\">\n\t<div class=\"fw-col-xs-12 fw-col-sm-8\">\n\t<div class=\"fw-heading fw-heading-h1 centered \">\n\t\t<h1 class='fw-special-title'>Projekt Dotkni se vesm\u00edru<\/h1>\t<\/div><p><span style=\"font-size: medium;\">Projekt Dotkni se vesm\u00edru umo\u017en\u00ed ve \u0161koln\u00edm roce 2025\/2026 t\u00fdm\u016fm \u017e\u00e1k\u016f a student\u016f vypustit vlastn\u00ed stratosf\u00e9rick\u00fd bal\u00f3n a\u017e k hranici vesm\u00edru a po\u0159\u00eddit unik\u00e1tn\u00ed fotografie zak\u0159iven\u00ed Zem\u011b z v\u00fd\u0161ky p\u0159es 30 kilometr\u016f.<\/span><\/p><div><span style=\"font-size: medium;\">C\u00edlem projektu je p\u0159edstavit \u0161kol\u00e1m i \u0161irok\u00e9 ve\u0159ejnosti principy vzd\u011bl\u00e1v\u00e1n\u00ed v duchu\u00a0STEAM\u00a0(Science, Technology, Engineering, Arts, Math) a podpo\u0159it, aby se\u00a0v\u011bdeck\u00e9 projekty, experimenty, technick\u00e9 v\u00fdzvy i badatelsk\u00e1 pr\u00e1ce\u00a0staly\u00a0p\u0159irozenou sou\u010d\u00e1st\u00ed v\u00fduky\u00a0na \u010desk\u00fdch \u0161kol\u00e1ch.<\/span><\/div><\/div>\n<div class=\"fw-col-xs-12 fw-col-sm-4\">\n\t<img decoding=\"async\" src=\"\/\/dotknisevesmiru.cz\/wp-content\/uploads\/2020\/11\/logoDSVbila-e1604237834478.png\" alt=\"\/\/dotknisevesmiru.cz\/wp-content\/uploads\/2020\/11\/logoDSVbila-e1604237834478.png\" width=\"200\" \/><\/div>\n<\/div>\n\n\t<\/div>\n<\/section><section  class=\"fw-main-row section      \"  >\n\t<div class=\"  container\">\n\t\t<div class=\"fw-row\">\n\t<div class=\"fw-col-xs-12\">\n\t<div class=\"fw-heading fw-heading-h2 centered \">\n\t\t<h2 class='fw-special-title'>P\u0159ihl\u00e1\u0161en\u00ed do projektu Dotkni se vesm\u00edru<\/h2>\t<\/div><\/div>\n<\/div>\n\n<div class=\"fw-row\">\n\t<div class=\"fw-col-xs-12\">\n\t<p style=\"text-align: center;\"><strong>Nev\u00e1hejte s p\u0159ihl\u00e1\u0161kou<\/strong> \u2013 po\u010det m\u00edst je omezen\u00fd.<\/p><p style=\"text-align: center;\">Cena \u00fa\u010dasti za \u0161kolu \u010din\u00ed <strong>39 900 K\u010d<\/strong> a zahrnuje kompletn\u00ed technick\u00e9 vybaven\u00ed, metodickou podporu i realizaci letu.<br \/>M\u00e1te dotazy? Ozv\u011bte se n\u00e1m \u2013 r\u00e1di v\u0161e vysv\u011btl\u00edme. Nebo rovnou z\u00e1vazn\u011b vypl\u0148te <a href=\"https:\/\/docs.google.com\/forms\/d\/e\/1FAIpQLSfTdtvGmpGzLcV7JsGkJVa9UzckMj9E5wfpP1YnTYlDNr_-sQ\/viewform?usp=send_form\" target=\"_blank\" rel=\"noopener\">p\u0159ihla\u0161ovac\u00ed formul\u00e1\u0159<\/a>.<\/p><\/div>\n<\/div>\n\n<div class=\"fw-row\">\n\t<div class=\"fw-col-xs-12\">\n\t<p>&nbsp;<\/p><\/div>\n<\/div>\n\n<div class=\"fw-row\">\n\t<div class=\"fw-col-xs-12 fw-col-sm-6\">\n\t\n<div class=\"centered\">\n\t<a href=\"https:\/\/dotknisevesmiru.cz\/wp-content\/uploads\/2025\/05\/DOTKNI_SE_VESMIRU_prezentace_2025.pdf\" role=\"button\" target=\"_blank\" class=\"btn btn-primary\">\n\t\tPrezentace ve form\u00e1tu PDF\t<\/a>\n<\/div><\/div>\n<div class=\"fw-col-xs-12 fw-col-sm-6\">\n\t\n<div class=\"centered\">\n\t<a href=\"https:\/\/forms.gle\/u3oxXjGhP5kmJvzC8\" role=\"button\" target=\"_blank\" class=\"btn btn-primary\">\n\t\tP\u0159ihla\u0161ovac\u00ed formul\u00e1\u0159\t<\/a>\n<\/div><\/div>\n<\/div>\n\n<div class=\"fw-row\">\n\t<div class=\"fw-col-xs-12 fw-col-sm-4\">\n\t<\/div>\n<\/div>\n\n<div class=\"fw-row\">\n\t<div class=\"fw-col-xs-12\">\n\t<p>&nbsp;<\/p><p style=\"text-align: center; font-size: 150%;\"><p>&nbsp;<\/p><\/div>\n<\/div>\n\n\t<\/div>\n<\/section><section  class=\"fw-main-row section blue     \"  >\n\t<div class=\"  container\">\n\t\t<div class=\"fw-row\">\n\t<div class=\"fw-col-xs-12 fw-col-sm-4\">\n\t<img decoding=\"async\" src=\"\/\/dotknisevesmiru.cz\/wp-content\/uploads\/2020\/11\/logoDSVbila-e1604237834478.png\" alt=\"\/\/dotknisevesmiru.cz\/wp-content\/uploads\/2020\/11\/logoDSVbila-e1604237834478.png\" width=\"200\" \/><\/div>\n<div class=\"fw-col-xs-12 fw-col-sm-8\">\n\t<div class=\"fw-heading fw-heading-h1 centered \">\n\t\t<h1 class='fw-special-title'>Podpo\u0159te n\u00e1\u0161 vzd\u011bl\u00e1vac\u00ed projekt<\/h1>\t<\/div><p>M\u00e1te-li mo\u017enost a z\u00e1jem finan\u010dn\u011b \u010di materi\u00e1ln\u011b podpo\u0159it n\u00e1\u0161 projekt, <a href=\"https:\/\/dotknisevesmiru.cz\/index.php\/kontakty\/\"><strong>kontaktujte n\u00e1s<\/strong><\/a>. D\u011bkujeme!<\/p><\/div>\n<\/div>\n\n\t<\/div>\n<\/section><section  class=\"fw-main-row section      \"  >\n\t<div class=\"  container\">\n\t\t<div class=\"fw-row\">\n\t<div class=\"fw-col-xs-12\">\n\t<div class=\"fw-heading fw-heading-h2 centered \">\n\t\t<h2 class='fw-special-title'>HISTORIE PROJEKTU<\/h2>\t<\/div><\/div>\n<\/div>\n\n<div class=\"fw-row\">\n\t<div class=\"fw-col-xs-12 fw-col-sm-6\">\n\t<p><img loading=\"lazy\" decoding=\"async\" class=\"alignnone size-full wp-image-1091\" src=\"https:\/\/dotknisevesmiru.cz\/wp-content\/uploads\/2022\/07\/IMG_20210906_075742-1.jpg\" alt=\"\" width=\"1743\" height=\"980\" srcset=\"https:\/\/dotknisevesmiru.cz\/wp-content\/uploads\/2022\/07\/IMG_20210906_075742-1.jpg 1743w, https:\/\/dotknisevesmiru.cz\/wp-content\/uploads\/2022\/07\/IMG_20210906_075742-1-300x169.jpg 300w, https:\/\/dotknisevesmiru.cz\/wp-content\/uploads\/2022\/07\/IMG_20210906_075742-1-1024x576.jpg 1024w, https:\/\/dotknisevesmiru.cz\/wp-content\/uploads\/2022\/07\/IMG_20210906_075742-1-768x432.jpg 768w, https:\/\/dotknisevesmiru.cz\/wp-content\/uploads\/2022\/07\/IMG_20210906_075742-1-1536x864.jpg 1536w\" sizes=\"auto, (max-width: 1743px) 100vw, 1743px\" \/><\/p><\/div>\n<div class=\"fw-col-xs-12 fw-col-sm-6\">\n\t<p style=\"text-align: center;\">V r\u00e1mci p\u0159edchoz\u00edch ro\u010dn\u00edk\u016f jsme spole\u010dn\u011b se z\u00fa\u010dastn\u011bn\u00fdmi \u0161kolami \u00fasp\u011b\u0161n\u011b vypustili ji\u017e p\u0159es <strong>90 balonov\u00fdch sond<\/strong>!<\/p>\n<div class=\"centered\">\n\t<a href=\"https:\/\/dotknisevesmiru.cz\/index.php\/tymy-2021\/\" role=\"button\" target=\"_self\" class=\"btn btn-primary\">\n\t\tRO\u010cN\u00cdK 2021\t<\/a>\n<\/div>\n<div class=\"centered\">\n\t<a href=\"https:\/\/dotknisevesmiru.cz\/index.php\/tymy-2022\/\" role=\"button\" target=\"_self\" class=\"btn btn-primary\">\n\t\tRO\u010cN\u00cdK 2022\t<\/a>\n<\/div>\n<div class=\"centered\">\n\t<a href=\"https:\/\/dotknisevesmiru.cz\/index.php\/tymy-2023\" role=\"button\" target=\"_self\" class=\"btn btn-primary\">\n\t\tRO\u010cN\u00cdK 2023\t<\/a>\n<\/div><\/div>\n<\/div>\n\n<div class=\"fw-row\">\n\t<div class=\"fw-col-xs-12\">\n\t<p>&nbsp;<\/p><p>&nbsp;<\/p><\/div>\n<\/div>\n\n\t<\/div>\n<\/section><section  id=\"dokumenty\"  class=\"fw-main-row section    no-margin-top  \" style=\"background-color:#ffffff;\" >\n\t<div class=\" no-margin-top container\">\n\t\t<div class=\"fw-row\">\n\t<div class=\"fw-col-xs-12\">\n\t<div class=\"fw-heading fw-heading-h2 centered \">\n\t\t<h2 class='fw-special-title'>ORGANIZ\u00c1TO\u0158I PROJEKTU<\/h2>\t<\/div><\/div>\n<\/div>\n\n<div class=\"fw-row\">\n\t<div class=\"fw-col-xs-12 fw-col-sm-6\">\n\t<p style=\"text-align: center;\"><a href=\"https:\/\/www.steamacademy.cz\/\"><img loading=\"lazy\" decoding=\"async\" class=\"wp-image-104 size-medium aligncenter\" src=\"https:\/\/dotknisevesmiru.cz\/wp-content\/uploads\/2020\/11\/image001-300x83.png\" alt=\"steam academy\" width=\"300\" height=\"83\" style=\"margin-top: 15px; margin-bottom: 15px;\" srcset=\"https:\/\/dotknisevesmiru.cz\/wp-content\/uploads\/2020\/11\/image001-300x83.png 300w, https:\/\/dotknisevesmiru.cz\/wp-content\/uploads\/2020\/11\/image001-768x213.png 768w, https:\/\/dotknisevesmiru.cz\/wp-content\/uploads\/2020\/11\/image001.png 1000w\" sizes=\"auto, (max-width: 300px) 100vw, 300px\" \/><\/a><\/p><\/div>\n<div class=\"fw-col-xs-12 fw-col-sm-6\">\n\t<p style=\"text-align: center;\"><a href=\"https:\/\/chmi.cz\/\"><img loading=\"lazy\" decoding=\"async\" class=\"aligncenter wp-image-302 size-full\" style=\"margin-top: 15px; margin-bottom: 15px;\" src=\"https:\/\/dotknisevesmiru.cz\/wp-content\/uploads\/2021\/02\/chmu120.jpg\" alt=\"\u010cHM\u00da\" width=\"225\" height=\"90\" \/><\/a><\/p><\/div>\n<\/div>\n\n<div class=\"fw-row\">\n\t<div class=\"fw-col-xs-12 fw-col-sm-6\">\n\t<p style=\"text-align: center;\"><a href=\"https:\/\/www.eserocz.cz\/\"><img decoding=\"async\" class=\"aligncenter wp-image-105\" style=\"margin-top: 15px; margin-bottom: 15px;\" src=\"https:\/\/dotknisevesmiru.cz\/wp-content\/uploads\/2025\/05\/eseroCzech-Republic-300x121.png\" alt=\"esero Czech Republic\" width=\"300\" \/><\/a><\/p><\/div>\n<div class=\"fw-col-xs-12 fw-col-sm-6\">\n\t<p style=\"text-align: center;\"><a href=\"https:\/\/ok1raj.cz\"><img loading=\"lazy\" decoding=\"async\" class=\"aligncenter wp-image-124\" src=\"https:\/\/dotknisevesmiru.cz\/wp-content\/uploads\/2020\/11\/ok1raj-1-150x150.jpg\" alt=\"\" width=\"90\" height=\"90\" style=\"margin-top: 15px; margin-bottom: 15px;\" srcset=\"https:\/\/dotknisevesmiru.cz\/wp-content\/uploads\/2020\/11\/ok1raj-1-150x150.jpg 150w, https:\/\/dotknisevesmiru.cz\/wp-content\/uploads\/2020\/11\/ok1raj-1-300x300.jpg 300w, https:\/\/dotknisevesmiru.cz\/wp-content\/uploads\/2020\/11\/ok1raj-1.jpg 640w\" sizes=\"auto, (max-width: 90px) 100vw, 90px\" \/><\/a><\/p><\/div>\n<\/div>\n\n<div class=\"fw-row\">\n\t<div class=\"fw-col-xs-12\">\n\t<p>&nbsp;<\/p><p>&nbsp;<\/p><\/div>\n<\/div>\n\n<div class=\"fw-row\">\n\t<div class=\"fw-col-xs-12\">\n\t<div class=\"fw-heading fw-heading-h2 centered \">\n\t\t<h2 class='fw-special-title'>PARTNE\u0158I PROJEKTU<\/h2>\t<\/div><\/div>\n<\/div>\n\n<div class=\"fw-row\">\n\t<div class=\"fw-col-xs-12\">\n\t<p style=\"text-align: center;\"><a href=\"https:\/\/www.planetum.cz\/\" target=\"_blank\" rel=\"noopener\"><img loading=\"lazy\" decoding=\"async\" class=\"alignnone wp-image-570 size-medium\" src=\"https:\/\/dotknisevesmiru.cz\/wp-content\/uploads\/2020\/11\/planetum_blue_logo_rgb-e1604242001445-300x67.png\" alt=\"planetum\" width=\"300\" height=\"144\" \/><\/a><\/p><\/div>\n<\/div>\n\n<div class=\"fw-row\">\n\t<div class=\"fw-col-xs-12\">\n\t<p>&nbsp;<\/p><\/div>\n<\/div>\n\n<div class=\"fw-row\">\n\t<div class=\"fw-col-xs-12 fw-col-sm-6\">\n\t<p style=\"text-align: center;\"><a href=\"https:\/\/www.ucitelskaplatforma.cz\/\"><img loading=\"lazy\" decoding=\"async\" class=\"alignnone wp-image-208\" style=\"margin-top: 15px; margin-bottom: 15px;\" src=\"https:\/\/dotknisevesmiru.cz\/wp-content\/uploads\/2021\/01\/photo_2021-01-04_19-34-12-300x151.jpg\" alt=\"\" width=\"238\" height=\"120\" srcset=\"https:\/\/dotknisevesmiru.cz\/wp-content\/uploads\/2021\/01\/photo_2021-01-04_19-34-12-300x151.jpg 300w, https:\/\/dotknisevesmiru.cz\/wp-content\/uploads\/2021\/01\/photo_2021-01-04_19-34-12-768x387.jpg 768w, https:\/\/dotknisevesmiru.cz\/wp-content\/uploads\/2021\/01\/photo_2021-01-04_19-34-12.jpg 778w\" sizes=\"auto, (max-width: 238px) 100vw, 238px\" \/><\/a><\/p><\/div>\n<div class=\"fw-col-xs-12 fw-col-sm-6\">\n\t<p style=\"text-align: center;\"><a href=\"http:\/\/omnipol.com\"><img loading=\"lazy\" decoding=\"async\" class=\"alignnone wp-image-525\" src=\"https:\/\/dotknisevesmiru.cz\/wp-content\/uploads\/2021\/04\/Omnipol-300x147.jpg\" alt=\"\" width=\"245\" height=\"120\" srcset=\"https:\/\/dotknisevesmiru.cz\/wp-content\/uploads\/2021\/04\/Omnipol-300x147.jpg 300w, https:\/\/dotknisevesmiru.cz\/wp-content\/uploads\/2021\/04\/Omnipol.jpg 638w\" sizes=\"auto, (max-width: 245px) 100vw, 245px\" \/><\/a><\/p><\/div>\n<\/div>\n\n<div class=\"fw-row\">\n\t<div class=\"fw-col-xs-12 fw-col-sm-6\">\n\t<\/div>\n<\/div>\n\n<div class=\"fw-row\">\n\t<div class=\"fw-col-xs-12\">\n\t<p>&nbsp;<\/p><p>&nbsp;<\/p><\/div>\n<\/div>\n\n<div class=\"fw-row\">\n\t<div class=\"fw-col-xs-12\">\n\t<div class=\"fw-heading fw-heading-h2 centered \">\n\t\t<h2 class='fw-special-title'>SPONZO\u0158I<\/h2>\t<\/div><\/div>\n<\/div>\n\n<div class=\"fw-row\">\n\t<div class=\"fw-col-xs-12\">\n\t<p>&nbsp;<\/p><p>&nbsp;<\/p><\/div>\n<\/div>\n\n<div class=\"fw-row\">\n\t<div class=\"fw-col-xs-12 fw-col-sm-4\">\n\t<p style=\"text-align: center;\"><a href=\"https:\/\/nakladatelstvi.portal.cz\"><img decoding=\"async\" class=\"alignnone wp-image-625\" src=\"https:\/\/dotknisevesmiru.cz\/wp-content\/uploads\/2026\/03\/logo.png\" alt=\"\" height=\"120\" \/><\/a><\/p><\/div>\n<div class=\"fw-col-xs-12 fw-col-sm-4\">\n\t<p style=\"text-align: center;\"><a href=\"https:\/\/argo.cz\/\"><img loading=\"lazy\" decoding=\"async\" class=\"alignnone wp-image-296\" src=\"https:\/\/dotknisevesmiru.cz\/wp-content\/uploads\/2021\/02\/argo-300x245.png\" alt=\"\" width=\"165\" height=\"135\" srcset=\"https:\/\/dotknisevesmiru.cz\/wp-content\/uploads\/2021\/02\/argo-300x245.png 300w, https:\/\/dotknisevesmiru.cz\/wp-content\/uploads\/2021\/02\/argo.png 306w\" sizes=\"auto, (max-width: 165px) 100vw, 165px\" \/><\/a><\/p><\/p><\/div>\n<div class=\"fw-col-xs-12 fw-col-sm-4\">\n\t<p>&nbsp;<\/p><p style=\"text-align: center;\"><a href=\"https:\/\/matfyzpress.cz\/\"><img loading=\"lazy\" decoding=\"async\" class=\"alignnone wp-image-744 size-medium\" src=\"https:\/\/dotknisevesmiru.cz\/wp-content\/uploads\/2021\/11\/matfyzpress-300x80.jpg\" alt=\"\" width=\"300\" height=\"80\" srcset=\"https:\/\/dotknisevesmiru.cz\/wp-content\/uploads\/2021\/11\/matfyzpress-300x80.jpg 300w, https:\/\/dotknisevesmiru.cz\/wp-content\/uploads\/2021\/11\/matfyzpress-1024x274.jpg 1024w, https:\/\/dotknisevesmiru.cz\/wp-content\/uploads\/2021\/11\/matfyzpress-768x205.jpg 768w, https:\/\/dotknisevesmiru.cz\/wp-content\/uploads\/2021\/11\/matfyzpress.jpg 1280w\" sizes=\"auto, (max-width: 300px) 100vw, 300px\" \/><\/a><\/p><\/div>\n<\/div>\n\n<div class=\"fw-row\">\n\t<div class=\"fw-col-xs-12\">\n\t<p>&nbsp;<\/p><p>&nbsp;<\/p><\/div>\n<\/div>\n\n<div class=\"fw-row\">\n\t<div class=\"fw-col-xs-12\">\n\t<p style=\"text-align: center;\"><a href=\"https:\/\/www.battex.cz\/\" target=\"_blank\" rel=\"noopener\"><img loading=\"lazy\" decoding=\"async\" class=\"alignnone wp-image-570 size-medium\" src=\"https:\/\/dotknisevesmiru.cz\/wp-content\/uploads\/2026\/03\/logo-battex-300x144-1.png\" alt=\"\" width=\"300\" height=\"144\" \/><\/a><\/p><\/div>\n<\/div>\n\n<div class=\"fw-row\">\n\t<div class=\"fw-col-xs-12\">\n\t<p>&nbsp;<\/p><p>&nbsp;<\/p><\/div>\n<\/div>\n\n<div class=\"fw-row\">\n\t<div class=\"fw-col-xs-12 fw-col-sm-6\">\n\t<\/div>\n<div class=\"fw-col-xs-12 fw-col-sm-6\">\n\t<\/div>\n<\/div>\n\n<div class=\"fw-row\">\n\t<div class=\"fw-col-xs-12\">\n\t<p>&nbsp;<\/p><p>&nbsp;<\/p><\/div>\n<\/div>\n\n\t<\/div>\n<\/section><section  class=\"fw-main-row section      \"  >\n\t<div class=\"  container\">\n\t\t<div class=\"fw-row\">\n\t<div class=\"fw-col-xs-12 fw-col-sm-6\">\n\t<\/div>\n<\/div>\n\n\t<\/div>\n<\/section><\/p>\n","protected":false},"excerpt":{"rendered":"<p>UD\u011aLEJTE S N\u00c1MI PRVN\u00cd KROK DO&nbsp;VESM\u00cdRU Otev\u0159\u00edt s n\u00e1mi okno do vesm\u00edru je stejn\u011b t\u011b\u017ek\u00e9 jako otev\u0159\u00edt u\u010debnici&#8230; \u201eKdy\u017e n\u011bco opravdu chce\u0161, cel\u00fd vesm\u00edr se spoj\u00ed, abys to mohl uskute\u010dnit.\u201cPaulo Coelho Projekt Dotkni se vesm\u00edru Projekt Dotkni se vesm\u00edru umo\u017en\u00ed ve \u0161koln\u00edm roce 2025\/2026 t\u00fdm\u016fm \u017e\u00e1k\u016f a student\u016f vypustit vlastn\u00ed stratosf\u00e9rick\u00fd bal\u00f3n a\u017e k hranici [&hellip;]<\/p>\n","protected":false},"author":2,"featured_media":0,"parent":0,"menu_order":0,"comment_status":"closed","ping_status":"closed","template":"brizy-blank-template.php","meta":{"footnotes":""},"class_list":["post-7","page","type-page","status-publish","hentry"],"_links":{"self":[{"href":"https:\/\/dotknisevesmiru.cz\/index.php\/wp-json\/wp\/v2\/pages\/7","targetHints":{"allow":["GET"]}}],"collection":[{"href":"https:\/\/dotknisevesmiru.cz\/index.php\/wp-json\/wp\/v2\/pages"}],"about":[{"href":"https:\/\/dotknisevesmiru.cz\/index.php\/wp-json\/wp\/v2\/types\/page"}],"author":[{"embeddable":true,"href":"https:\/\/dotknisevesmiru.cz\/index.php\/wp-json\/wp\/v2\/users\/2"}],"replies":[{"embeddable":true,"href":"https:\/\/dotknisevesmiru.cz\/index.php\/wp-json\/wp\/v2\/comments?post=7"}],"version-history":[{"count":30,"href":"https:\/\/dotknisevesmiru.cz\/index.php\/wp-json\/wp\/v2\/pages\/7\/revisions"}],"predecessor-version":[{"id":1373,"href":"https:\/\/dotknisevesmiru.cz\/index.php\/wp-json\/wp\/v2\/pages\/7\/revisions\/1373"}],"wp:attachment":[{"href":"https:\/\/dotknisevesmiru.cz\/index.php\/wp-json\/wp\/v2\/media?parent=7"}],"curies":[{"name":"wp","href":"https:\/\/api.w.org\/{rel}","templated":true}]}}