{"id":1279,"date":"2025-05-21T16:22:10","date_gmt":"2025-05-21T14:22:10","guid":{"rendered":"https:\/\/dotknisevesmiru.cz\/?page_id=1279"},"modified":"2026-03-15T19:51:30","modified_gmt":"2026-03-15T18:51:30","slug":"tymy-2025","status":"publish","type":"page","link":"https:\/\/dotknisevesmiru.cz\/index.php\/tymy-2025\/","title":{"rendered":"T\u00fdmy 2026"},"content":{"rendered":"\n<figure class=\"wp-block-table is-style-stripes\"><table><thead><tr><th>N\u00e1zev \u0161koly<\/th><th>N\u00e1zev t\u00fdmu<\/th><th>N\u00e1zev sondy<\/th><th class=\"has-text-align-center\" data-align=\"center\">Volac\u00ed znak sondy<\/th><th>Start<\/th><\/tr><\/thead><tbody><tr><td>Z\u0160 a M\u0160 Kamenice<\/td><td>Pozem\u0161\u0165an\u00e9 z Kamenice<\/td><td>Rakytn\u00edk<\/td><td class=\"has-text-align-center\" data-align=\"center\"><a href=\"https:\/\/amateur.sondehub.org\/?filter=TTS2\" target=\"_blank\" rel=\"noreferrer noopener\">TTS2<\/a><\/td><td>08.04.<\/td><\/tr><tr><td>Z\u00e1kladn\u00ed \u0161kola a Mate\u0159sk\u00e1 \u0161kola Tasovice<\/td><td>CosmoBanda<\/td><td>Tasovice<\/td><td class=\"has-text-align-center\" data-align=\"center\"><a href=\"https:\/\/amateur.sondehub.org\/?filter=TTS7\" target=\"_blank\" rel=\"noreferrer noopener\">TTS7<\/a><\/td><td>10.04.<\/td><\/tr><tr><td>Bratrsk\u00e1 \u0161kola &#8211; c\u00edrkevn\u00ed z\u00e1kladn\u00ed \u0161kola<\/td><td>STEM &amp; ART<\/td><td>MonsterLord<\/td><td class=\"has-text-align-center\" data-align=\"center\"><a href=\"https:\/\/amateur.sondehub.org\/?filter=TTS14\" target=\"_blank\" rel=\"noreferrer noopener\">TTS14<\/a><\/td><td>14.04.<\/td><\/tr><tr><td>Z\u00e1kladn\u00ed \u0161kola \u010cesk\u00e1 L\u00edpa<\/td><td>\u0160PI\u010cAK SPACE<\/td><td>Spicak_Space<\/td><td class=\"has-text-align-center\" data-align=\"center\"><a href=\"https:\/\/amateur.sondehub.org\/?filter=TTS13\" target=\"_blank\" rel=\"noreferrer noopener\">TTS13<\/a><\/td><td>15.04.<\/td><\/tr><tr><td>Gymn\u00e1zium Franti\u0161ka K\u0159i\u017e\u00edka a z\u00e1kladn\u00ed \u0161kola<\/td><td>VFM sonda<\/td><td>GFKVision<\/td><td class=\"has-text-align-center\" data-align=\"center\"><a href=\"https:\/\/amateur.sondehub.org\/?filter=TTS4\" target=\"_blank\" rel=\"noreferrer noopener\">TTS4<\/a><\/td><td>16.04.<\/td><\/tr><tr><td>Gymn\u00e1zium Michael<\/td><td>Gymn\u00e1zium Michael<\/td><td>Michael<\/td><td class=\"has-text-align-center\" data-align=\"center\"><a href=\"https:\/\/amateur.sondehub.org\/?filter=TTS8\" target=\"_blank\" rel=\"noreferrer noopener\">TTS8<\/a><\/td><td>17.04.<\/td><\/tr><tr><td>Z\u00e1kladn\u00ed \u0161kola Lidick\u00e1<\/td><td>LIDTEAM<\/td><td>Dr\u00e1\u010dekLi\u010f\u00e1\u010dek<\/td><td class=\"has-text-align-center\" data-align=\"center\"><a href=\"https:\/\/amateur.sondehub.org\/?filter=TTS6\" target=\"_blank\" rel=\"noreferrer noopener\">TTS6<\/a><\/td><td>20.04.<\/td><\/tr><tr><td>HUB Mlad\u00e1 Boleslav<\/td><td>Klementinka<\/td><td>BOLKA<\/td><td class=\"has-text-align-center\" data-align=\"center\"><a href=\"https:\/\/amateur.sondehub.org\/?filter=TTS12\" target=\"_blank\" rel=\"noreferrer noopener\">TTS12<\/a><\/td><td>21.04.<\/td><\/tr><tr><td>St\u0159edn\u00ed \u0161kola Edvarda Bene\u0161e B\u0159eclav<\/td><td>MARS<\/td><td>Mars<\/td><td class=\"has-text-align-center\" data-align=\"center\"><a href=\"https:\/\/amateur.sondehub.org\/?filter=TTS1\" target=\"_blank\" rel=\"noreferrer noopener\">TTS1<\/a><\/td><td>22.04.<\/td><\/tr><tr><td>Gymn\u00e1zium Nad Alej\u00ed<\/td><td>Alej\u00e1ci<\/td><td>mahimahi<\/td><td class=\"has-text-align-center\" data-align=\"center\"><a href=\"https:\/\/amateur.sondehub.org\/?filter=TTS11\" target=\"_blank\" rel=\"noreferrer noopener\">TTS11<\/a><\/td><td>23.04.<\/td><\/tr><tr><td>Z\u0160 T. G. Masaryka Milovice<\/td><td>Milovick\u00fd Sputnyk<\/td><td>Astrokosmos<\/td><td class=\"has-text-align-center\" data-align=\"center\"><a href=\"https:\/\/amateur.sondehub.org\/?filter=TTS5\" target=\"_blank\" rel=\"noreferrer noopener\">TTS5<\/a><\/td><td>27.04.<\/td><\/tr><tr><td>Z\u00e1kladn\u00ed \u0161kola Radostn\u00e1<\/td><td>StratoR<\/td><td>StratoR<\/td><td class=\"has-text-align-center\" data-align=\"center\"><a href=\"https:\/\/amateur.sondehub.org\/?filter=TTS10\" target=\"_blank\" rel=\"noreferrer noopener\">TTS10<\/a><\/td><td>28.04.<\/td><\/tr><tr><td>Gymn\u00e1zium Maty\u00e1\u0161e Lercha<\/td><td>Letka GML<\/td><td>Letka_GML<\/td><td class=\"has-text-align-center\" data-align=\"center\"><a href=\"https:\/\/amateur.sondehub.org\/?filter=TTS9\" target=\"_blank\" rel=\"noreferrer noopener\">TTS9<\/a><\/td><td>29.04.<\/td><\/tr><\/tbody><\/table><figcaption class=\"wp-element-caption\">Je tu n\u011bco \u0161patn\u011b? <a href=\"https:\/\/dotknisevesmiru.cz\/index.php\/kontakty\/\" data-type=\"URL\" data-id=\"https:\/\/dotknisevesmiru.cz\/index.php\/kontakty\/\">Kontaktujte n\u00e1s<\/a>!<\/figcaption><\/figure>\n","protected":false},"excerpt":{"rendered":"<p>N\u00e1zev \u0161koly N\u00e1zev t\u00fdmu N\u00e1zev sondy Volac\u00ed znak sondy Start Z\u0160 a M\u0160 Kamenice Pozem\u0161\u0165an\u00e9 z Kamenice Rakytn\u00edk TTS2 08.04. Z\u00e1kladn\u00ed \u0161kola a Mate\u0159sk\u00e1 \u0161kola Tasovice CosmoBanda Tasovice TTS7 10.04. Bratrsk\u00e1 \u0161kola &#8211; c\u00edrkevn\u00ed z\u00e1kladn\u00ed \u0161kola STEM &amp; ART MonsterLord TTS14 14.04. Z\u00e1kladn\u00ed \u0161kola \u010cesk\u00e1 L\u00edpa \u0160PI\u010cAK SPACE Spicak_Space TTS13 15.04. Gymn\u00e1zium Franti\u0161ka K\u0159i\u017e\u00edka a [&hellip;]<\/p>\n","protected":false},"author":1,"featured_media":0,"parent":0,"menu_order":0,"comment_status":"closed","ping_status":"closed","template":"","meta":{"footnotes":""},"class_list":["post-1279","page","type-page","status-publish","hentry"],"_links":{"self":[{"href":"https:\/\/dotknisevesmiru.cz\/index.php\/wp-json\/wp\/v2\/pages\/1279","targetHints":{"allow":["GET"]}}],"collection":[{"href":"https:\/\/dotknisevesmiru.cz\/index.php\/wp-json\/wp\/v2\/pages"}],"about":[{"href":"https:\/\/dotknisevesmiru.cz\/index.php\/wp-json\/wp\/v2\/types\/page"}],"author":[{"embeddable":true,"href":"https:\/\/dotknisevesmiru.cz\/index.php\/wp-json\/wp\/v2\/users\/1"}],"replies":[{"embeddable":true,"href":"https:\/\/dotknisevesmiru.cz\/index.php\/wp-json\/wp\/v2\/comments?post=1279"}],"version-history":[{"count":17,"href":"https:\/\/dotknisevesmiru.cz\/index.php\/wp-json\/wp\/v2\/pages\/1279\/revisions"}],"predecessor-version":[{"id":1379,"href":"https:\/\/dotknisevesmiru.cz\/index.php\/wp-json\/wp\/v2\/pages\/1279\/revisions\/1379"}],"wp:attachment":[{"href":"https:\/\/dotknisevesmiru.cz\/index.php\/wp-json\/wp\/v2\/media?parent=1279"}],"curies":[{"name":"wp","href":"https:\/\/api.w.org\/{rel}","templated":true}]}}