{"id":1204,"date":"2023-01-08T22:44:35","date_gmt":"2023-01-08T21:44:35","guid":{"rendered":"https:\/\/dotknisevesmiru.cz\/?page_id=1204"},"modified":"2025-05-21T16:13:14","modified_gmt":"2025-05-21T14:13:14","slug":"tymy-2023","status":"publish","type":"page","link":"https:\/\/dotknisevesmiru.cz\/index.php\/tymy-2023\/","title":{"rendered":"2023"},"content":{"rendered":"\n<figure class=\"wp-block-table is-style-stripes\"><table><thead><tr><th>N\u00e1zev \u0161koly<\/th><th>N\u00e1zev t\u00fdmu<\/th><th>N\u00e1zev sondy<\/th><th class=\"has-text-align-center\" data-align=\"center\">Volac\u00ed znak sondy<\/th><th>Start<\/th><\/tr><\/thead><tbody><tr><td>St\u0159edn\u00ed pr\u016fmyslov\u00e1 \u0161kola Edvarda Bene\u0161e a obchodn\u00ed akademie B\u0159eclav<\/td><td>Betelgeuze<\/td><td>Betelgeuze<\/td><td class=\"has-text-align-center\" data-align=\"center\">TTS1<\/td><td>16. 10. odpoledne<\/td><\/tr><tr><td>Z\u0160 T. G. Masaryka Milovice<\/td><td>MI-SO team<\/td><td>MI-SO<\/td><td class=\"has-text-align-center\" data-align=\"center\">TTS2<\/td><td>16. 10. dopoledne<\/td><\/tr><tr><td>Spojen\u00e1 \u0161kola Koll\u00e1rova 17, Se\u010dovce<\/td><td>Koll\u00e1rka Se\u010dovce<\/td><td>Koll\u00e1rka<\/td><td class=\"has-text-align-center\" data-align=\"center\">TTS3<\/td><td>17. 10. odpoledne<\/td><\/tr><tr><td>Gymn\u00e1zium Maty\u00e1\u0161e Lercha Brno<\/td><td>Letka GML<\/td><td>Letka GML 2<\/td><td class=\"has-text-align-center\" data-align=\"center\">TTS4<\/td><td>17. 10. dopoledne<\/td><\/tr><tr><td>Z\u0160 a M\u0160 Kamenice, okr. Jihlava, p\u0159\u00edsp\u011bvkov\u00e1 organizace<\/td><td>Stouni z Vyso\u010diny<\/td><td>Sutr402<\/td><td class=\"has-text-align-center\" data-align=\"center\">TTS5<\/td><td>18. 10. dopoledne<\/td><\/tr><tr><td>Z\u00e1kladn\u00ed \u0161kola Bocho\u0159, okres P\u0159erov<\/td><td>Bocho\u0159gang<\/td><td>Nadseni 23<\/td><td class=\"has-text-align-center\" data-align=\"center\">TTS6<\/td><td>18. 10. odpoledne<\/td><\/tr><tr><td>Mate\u0159sk\u00e1 \u0161kola a z\u00e1kladn\u00ed \u0161kola Slune\u010dnice<\/td><td>Vesm\u00edrn\u00e9 k\u0159\u00ed\u017ealy<\/td><td>Krizala<\/td><td class=\"has-text-align-center\" data-align=\"center\">TTS7<\/td><td>23. 10. odpoledne<\/td><\/tr><tr><td>Zapsan\u00fd spolek Pepik\u00e1\u010dek<\/td><td>Rebelov\u00e9<\/td><td>Tygr<\/td><td class=\"has-text-align-center\" data-align=\"center\">TTS8<\/td><td>20. 10. odpoledne<\/td><\/tr><tr><td>Z\u0160 M\u0160 Libouchec<\/td><td>Z\u0160 Libouchec<\/td><td>Newton<\/td><td class=\"has-text-align-center\" data-align=\"center\">TTS10<\/td><td>19. 10. dopoledne<\/td><\/tr><tr><td>Z\u0160 Zeyerova Olomouc<\/td><td>Zeyer\u00e1ci Stars<\/td><td>Zeyerie<\/td><td class=\"has-text-align-center\" data-align=\"center\">TTS11<\/td><td>19. 10. odpoledne<\/td><\/tr><tr><td>Z\u00e1kladn\u00ed \u0161kola T. G. Masaryka Rokycany<\/td><td>MasarykX<\/td><td>Zdar1<\/td><td class=\"has-text-align-center\" data-align=\"center\">TTS12<\/td><td>20. 10. dopoledne<\/td><\/tr><tr><td>Z\u00e1kladn\u00ed \u0161kola V\u00e1clava Hejny<\/td><td>Spacevisitors<\/td><td>Peklostroj<\/td><td class=\"has-text-align-center\" data-align=\"center\">TTS13<\/td><td>23. 10. dopoledne<\/td><\/tr><tr><td>Z\u00e1kladn\u00ed \u0161kola a mate\u0159sk\u00e1 \u0161kola Montessori Ostrava<\/td><td>Monte<\/td><td>AdAstra<\/td><td class=\"has-text-align-center\" data-align=\"center\">TTS14<\/td><td>24. 10. odpoledne<\/td><\/tr><tr><td>Svobodn\u00e1 z\u00e1kladn\u00ed \u0161kola<\/td><td>SZ\u0160 Sobotn\u00edci<\/td><td>Vesm\u00edrohled<\/td><td class=\"has-text-align-center\" data-align=\"center\">TTS15<\/td><td>24. 10. dopoledne<\/td><\/tr><\/tbody><\/table><figcaption class=\"wp-element-caption\">Je zde n\u011bco \u0161patn\u011b? <a href=\"https:\/\/dotknisevesmiru.cz\/index.php\/kontakty\/\" data-type=\"URL\" data-id=\"https:\/\/dotknisevesmiru.cz\/index.php\/kontakty\/\">Kontaktujte n\u00e1s<\/a>!<\/figcaption><\/figure>\n","protected":false},"excerpt":{"rendered":"<p>N\u00e1zev \u0161koly N\u00e1zev t\u00fdmu N\u00e1zev sondy Volac\u00ed znak sondy Start St\u0159edn\u00ed pr\u016fmyslov\u00e1 \u0161kola Edvarda Bene\u0161e a obchodn\u00ed akademie B\u0159eclav Betelgeuze Betelgeuze TTS1 16. 10. odpoledne Z\u0160 T. G. Masaryka Milovice MI-SO team MI-SO TTS2 16. 10. dopoledne Spojen\u00e1 \u0161kola Koll\u00e1rova 17, Se\u010dovce Koll\u00e1rka Se\u010dovce Koll\u00e1rka TTS3 17. 10. odpoledne Gymn\u00e1zium Maty\u00e1\u0161e Lercha Brno Letka GML [&hellip;]<\/p>\n","protected":false},"author":1,"featured_media":0,"parent":0,"menu_order":0,"comment_status":"closed","ping_status":"closed","template":"","meta":{"footnotes":""},"class_list":["post-1204","page","type-page","status-publish","hentry"],"_links":{"self":[{"href":"https:\/\/dotknisevesmiru.cz\/index.php\/wp-json\/wp\/v2\/pages\/1204","targetHints":{"allow":["GET"]}}],"collection":[{"href":"https:\/\/dotknisevesmiru.cz\/index.php\/wp-json\/wp\/v2\/pages"}],"about":[{"href":"https:\/\/dotknisevesmiru.cz\/index.php\/wp-json\/wp\/v2\/types\/page"}],"author":[{"embeddable":true,"href":"https:\/\/dotknisevesmiru.cz\/index.php\/wp-json\/wp\/v2\/users\/1"}],"replies":[{"embeddable":true,"href":"https:\/\/dotknisevesmiru.cz\/index.php\/wp-json\/wp\/v2\/comments?post=1204"}],"version-history":[{"count":9,"href":"https:\/\/dotknisevesmiru.cz\/index.php\/wp-json\/wp\/v2\/pages\/1204\/revisions"}],"predecessor-version":[{"id":1274,"href":"https:\/\/dotknisevesmiru.cz\/index.php\/wp-json\/wp\/v2\/pages\/1204\/revisions\/1274"}],"wp:attachment":[{"href":"https:\/\/dotknisevesmiru.cz\/index.php\/wp-json\/wp\/v2\/media?parent=1204"}],"curies":[{"name":"wp","href":"https:\/\/api.w.org\/{rel}","templated":true}]}}